{"id":8474,"date":"2025-05-30T09:45:57","date_gmt":"2025-05-30T07:45:57","guid":{"rendered":"https:\/\/www.ecole-surf-lacanau.com\/mentions-legales\/"},"modified":"2025-06-04T15:32:41","modified_gmt":"2025-06-04T13:32:41","slug":"rechtliche-hinweise","status":"publish","type":"page","link":"https:\/\/www.ecole-surf-lacanau.com\/de\/rechtliche-hinweise\/","title":{"rendered":"Rechtliche Hinweise"},"content":{"rendered":"\t\t<div data-elementor-type=\"wp-page\" data-elementor-id=\"8474\" class=\"elementor elementor-8474 elementor-8464\" data-elementor-post-type=\"page\">\n\t\t\t\t<div class=\"elementor-element elementor-element-524ea817 e-flex e-con-boxed e-con e-parent\" data-id=\"524ea817\" data-element_type=\"container\" data-e-type=\"container\" data-settings=\"{&quot;background_background&quot;:&quot;classic&quot;,&quot;shape_divider_bottom&quot;:&quot;waves&quot;}\">\n\t\t\t\t\t<div class=\"e-con-inner\">\n\t\t\t\t<div class=\"elementor-shape elementor-shape-bottom\" aria-hidden=\"true\" data-negative=\"false\">\n\t\t\t<svg xmlns=\"http:\/\/www.w3.org\/2000\/svg\" viewBox=\"0 0 1000 100\" preserveAspectRatio=\"none\">\n\t<path class=\"elementor-shape-fill\" d=\"M421.9,6.5c22.6-2.5,51.5,0.4,75.5,5.3c23.6,4.9,70.9,23.5,100.5,35.7c75.8,32.2,133.7,44.5,192.6,49.7\n\tc23.6,2.1,48.7,3.5,103.4-2.5c54.7-6,106.2-25.6,106.2-25.6V0H0v30.3c0,0,72,32.6,158.4,30.5c39.2-0.7,92.8-6.7,134-22.4\n\tc21.2-8.1,52.2-18.2,79.7-24.2C399.3,7.9,411.6,7.5,421.9,6.5z\"\/>\n<\/svg>\t\t<\/div>\n\t\t\t\t<div class=\"elementor-element elementor-element-1e4a4013 elementor-widget elementor-widget-heading\" data-id=\"1e4a4013\" data-element_type=\"widget\" data-e-type=\"widget\" data-settings=\"{&quot;_animation&quot;:&quot;none&quot;,&quot;_animation_delay&quot;:500}\" data-widget_type=\"heading.default\">\n\t\t\t\t<div class=\"elementor-widget-container\">\n\t\t\t\t\t<h1 class=\"elementor-heading-title elementor-size-default\">Rechtliche Hinweise<\/h1>\t\t\t\t<\/div>\n\t\t\t\t<\/div>\n\t\t\t\t\t<\/div>\n\t\t\t\t<\/div>\n\t\t<div class=\"elementor-element elementor-element-1d3b6579 e-flex e-con-boxed e-con e-parent\" data-id=\"1d3b6579\" data-element_type=\"container\" data-e-type=\"container\" data-settings=\"{&quot;background_background&quot;:&quot;classic&quot;}\">\n\t\t\t\t\t<div class=\"e-con-inner\">\n\t\t\t\t<div class=\"elementor-element elementor-element-22b3751c elementor-widget elementor-widget-text-editor\" data-id=\"22b3751c\" data-element_type=\"widget\" data-e-type=\"widget\" data-widget_type=\"text-editor.default\">\n\t\t\t\t<div class=\"elementor-widget-container\">\n\t\t\t\t\t\t\t\t\t<h3 data-start=\"108\" data-end=\"135\">1 &#8211; Website-Herausgeber<\/h3><p data-start=\"137\" data-end=\"445\">Gem\u00e4\u00df Artikel 6 des Gesetzes Nr. 2004-575 vom 21. Juni 2004 \u00fcber das Vertrauen in die digitale Wirtschaft werden den Nutzern der Website <a class=\"\" href=\"https:\/\/www.ecole-surf-lacanau.com\/\" target=\"_new\" rel=\"noopener\" data-start=\"274\" data-end=\"348\">https:\/\/www.ecole-surf-lacanau.com\/<\/a> die Identit\u00e4t der verschiedenen an ihrer Erstellung und Wartung beteiligten Parteien mitgeteilt:<\/p><p data-start=\"447\" data-end=\"614\"><strong data-start=\"447\" data-end=\"473\">Eigent\u00fcmer der Website<\/strong>: Soci\u00e9t\u00e9 VALHOSTE \u2013 Kontakt: <a class=\"cursor-pointer\" rel=\"noopener\" data-start=\"503\" data-end=\"530\">bigmamasurfschool@gmail.com<\/a> \u2013 +33 6 98 20 83 06 \u2013 Adresse: 4 Av. du Cantabria, 33680 Lacanau-Oc\u00e9an, Frankreich.<\/p><p data-start=\"616\" data-end=\"895\"><strong data-start=\"616\" data-end=\"639\">Unternehmensangaben<\/strong>: SAS Soci\u00e9t\u00e9 VALHOSTE mit einem Stammkapital von 1.000 \u20ac \u2013 SIREN: 827551037 \u2013 RCS oder RM: Bordeaux B 827 551 037 \u2013 Postanschrift: 4 Av. du Cantabria, 33680 Lacanau-Oc\u00e9an \u2013 https:\/\/www.ecole-surf-lacanau.com\/cgv\/<\/p><p data-start=\"897\" data-end=\"981\"><strong data-start=\"897\" data-end=\"927\">Verantwortlicher Redakteur<\/strong>: Romain LHOSTE \u2013 Kontakt: <a class=\"cursor-pointer\" rel=\"noopener\" data-start=\"954\" data-end=\"981\">bigmamasurfschool@gmail.com<\/a><\/p><p data-start=\"983\" data-end=\"1082\"><strong data-start=\"983\" data-end=\"1003\">Hosting-Anbieter<\/strong>: OVH SAS \u2013 2 rue Kellermann \u2013 BP 80157 \u2013 59053 Roubaix Cedex 1 \u2013 Telefon: 1007<\/p><p data-start=\"1084\" data-end=\"1162\"><strong data-start=\"1084\" data-end=\"1117\">Datenschutzbeauftragter (DPO)<\/strong>: Romain LHOSTE \u2013 <a class=\"cursor-pointer\" rel=\"noopener\" data-start=\"1135\" data-end=\"1162\">bigmamasurfschool@gmail.com<\/a><\/p><p data-start=\"1164\" data-end=\"1211\"><strong data-start=\"1164\" data-end=\"1187\">Weitere Mitwirkende<\/strong>: Webmaster: Nathan Hele<\/p><hr data-start=\"1213\" data-end=\"1216\" \/><h3 data-start=\"1218\" data-end=\"1260\">2 &#8211; Geistiges Eigentum und F\u00e4lschungen<\/h3><p data-start=\"1262\" data-end=\"1485\">Soci\u00e9t\u00e9 VALHOSTE ist Inhaberin der geistigen Eigentumsrechte und der Nutzungsrechte an allen auf der Website zug\u00e4nglichen Elementen, insbesondere an Texten, Bildern, Grafiken, Logos, Videos, Architektur, Symbolen und T\u00f6nen.<\/p><p data-start=\"1487\" data-end=\"1734\">Jegliche Vervielf\u00e4ltigung, Darstellung, \u00c4nderung, Ver\u00f6ffentlichung oder Anpassung von Teilen oder der Gesamtheit der Website-Inhalte, unabh\u00e4ngig vom verwendeten Verfahren, ist ohne vorherige schriftliche Genehmigung von Soci\u00e9t\u00e9 VALHOSTE untersagt.<\/p><p data-start=\"1736\" data-end=\"1960\">Jede unbefugte Nutzung der Website oder eines ihrer Inhalte wird als Verletzung geistigen Eigentums betrachtet und gem\u00e4\u00df den Artikeln L.335-2 ff. des franz\u00f6sischen Gesetzbuchs \u00fcber geistiges Eigentum strafrechtlich verfolgt.<\/p><hr data-start=\"1962\" data-end=\"1965\" \/><h3 data-start=\"1967\" data-end=\"1995\">3 &#8211; Haftungsbeschr\u00e4nkung<\/h3><p data-start=\"1997\" data-end=\"2194\">Soci\u00e9t\u00e9 VALHOSTE haftet nicht f\u00fcr direkte oder indirekte Sch\u00e4den an der Hardware des Nutzers beim Zugriff auf die Website <a class=\"\" href=\"https:\/\/www.ecole-surf-lacanau.com\/\" target=\"_new\" rel=\"noopener\" data-start=\"2119\" data-end=\"2193\">https:\/\/www.ecole-surf-lacanau.com\/<\/a>.<\/p><p data-start=\"2196\" data-end=\"2380\">Soci\u00e9t\u00e9 VALHOSTE \u00fcbernimmt keine Verantwortung f\u00fcr die Nutzung der auf <a class=\"\" href=\"https:\/\/www.ecole-surf-lacanau.com\/\" target=\"_new\" rel=\"noopener\" data-start=\"2267\" data-end=\"2341\">https:\/\/www.ecole-surf-lacanau.com\/<\/a> verf\u00fcgbaren Informationen und Inhalte.<\/p><p data-start=\"2382\" data-end=\"2643\">Soci\u00e9t\u00e9 VALHOSTE verpflichtet sich, die Website <a class=\"\" href=\"https:\/\/www.ecole-surf-lacanau.com\/\" target=\"_new\" rel=\"noopener\" data-start=\"2430\" data-end=\"2504\">https:\/\/www.ecole-surf-lacanau.com\/<\/a> bestm\u00f6glich zu sichern. Eine Haftung ist jedoch ausgeschlossen, wenn ohne ihr Wissen unerw\u00fcnschte Daten importiert und installiert werden.<\/p><p data-start=\"2645\" data-end=\"2931\">Interaktive Bereiche (z.\u202fB. Kontaktformulare oder Kommentarfelder) stehen den Nutzern zur Verf\u00fcgung. Soci\u00e9t\u00e9 VALHOSTE beh\u00e4lt sich das Recht vor, ohne vorherige Ank\u00fcndigung Inhalte zu l\u00f6schen, die gegen geltendes franz\u00f6sisches Recht versto\u00dfen, insbesondere gegen Datenschutzbestimmungen.<\/p><p data-start=\"2933\" data-end=\"3225\">Gegebenenfalls beh\u00e4lt sich Soci\u00e9t\u00e9 VALHOSTE das Recht vor, die zivil- und\/oder strafrechtliche Verantwortung des Nutzers geltend zu machen \u2013 insbesondere im Falle rassistischer, beleidigender, verleumderischer oder pornografischer Inhalte, unabh\u00e4ngig vom verwendeten Medium (Text, Bild etc.).<\/p><hr data-start=\"3227\" data-end=\"3230\" \/><h3 data-start=\"3232\" data-end=\"3283\">4 &#8211; CNIL und Verwaltung personenbezogener Daten<\/h3><p data-start=\"3285\" data-end=\"3676\">Gem\u00e4\u00df den Bestimmungen des ge\u00e4nderten Gesetzes Nr. 78-17 vom 6. Januar 1978 hat der Nutzer der Website <a class=\"\" href=\"https:\/\/www.ecole-surf-lacanau.com\/\" target=\"_new\" rel=\"noopener\" data-start=\"3388\" data-end=\"3462\">https:\/\/www.ecole-surf-lacanau.com\/<\/a> das Recht auf Zugang, Berichtigung und L\u00f6schung der erhobenen personenbezogenen Daten. Zur Aus\u00fcbung dieses Rechts kontaktieren Sie bitte unseren Datenschutzbeauftragten: Romain LHOSTE \u2013 <a class=\"cursor-pointer\" rel=\"noopener\" data-start=\"3649\" data-end=\"3676\">bigmamasurfschool@gmail.com<\/a><\/p><p data-start=\"3678\" data-end=\"3928\">Weitere Informationen dar\u00fcber, wie wir Ihre Daten verarbeiten (Art der Daten, Zweck, Empf\u00e4nger&#8230;), finden Sie in unserer Datenschutzerkl\u00e4rung: https:\/\/www.ecole-surf-lacanau.com\/confidentialite\/<\/p><hr data-start=\"3930\" data-end=\"3933\" \/><h3 data-start=\"3935\" data-end=\"3965\">5 &#8211; Hyperlinks und Cookies<\/h3><p data-start=\"3967\" data-end=\"4289\">Die Website <a class=\"\" href=\"https:\/\/www.ecole-surf-lacanau.com\/\" target=\"_new\" rel=\"noopener\" data-start=\"3979\" data-end=\"4053\">https:\/\/www.ecole-surf-lacanau.com\/<\/a> enth\u00e4lt Hyperlinks zu anderen Websites. Soci\u00e9t\u00e9 VALHOSTE \u00fcbernimmt keine Verantwortung f\u00fcr externe Links oder f\u00fcr Links von anderen Websites, die auf <a class=\"\" href=\"https:\/\/www.ecole-surf-lacanau.com\/\" target=\"_new\" rel=\"noopener\" data-start=\"4204\" data-end=\"4278\">https:\/\/www.ecole-surf-lacanau.com\/<\/a> verweisen.<\/p><p data-start=\"4291\" data-end=\"4460\">Das Surfen auf der Website <a class=\"\" href=\"https:\/\/www.ecole-surf-lacanau.com\/\" target=\"_new\" rel=\"noopener\" data-start=\"4318\" data-end=\"4392\">https:\/\/www.ecole-surf-lacanau.com\/<\/a> kann zur Installation von Cookies auf dem Ger\u00e4t des Nutzers f\u00fchren.<\/p><p data-start=\"4462\" data-end=\"4653\">Ein \u201eCookie\u201c ist eine kleine Datei, die Informationen \u00fcber das Surfverhalten des Nutzers auf einer Website speichert. Die so gewonnenen Daten erm\u00f6glichen z.\u202fB. die Analyse der Besucherzahlen.<\/p><p data-start=\"4655\" data-end=\"4823\">Sie haben die M\u00f6glichkeit, <strong data-start=\"4682\" data-end=\"4724\">Cookies zu akzeptieren oder abzulehnen<\/strong>, indem Sie die Einstellungen Ihres Browsers \u00e4ndern. Ohne Ihre Zustimmung wird kein Cookie gesetzt.<\/p><p data-start=\"4825\" data-end=\"4878\">Cookies werden f\u00fcr maximal <strong data-start=\"4852\" data-end=\"4865\">13 Monate<\/strong> gespeichert.<\/p><p data-start=\"4880\" data-end=\"5084\">Weitere Informationen \u00fcber die Verwendung von Cookies finden Sie in unserer Datenschutzerkl\u00e4rung: https:\/\/www.ecole-surf-lacanau.com\/confidentialite\/<\/p><hr data-start=\"5086\" data-end=\"5089\" \/><h3 data-start=\"5091\" data-end=\"5134\">6 &#8211; Anwendbares Recht und Gerichtsstand<\/h3><p data-start=\"5136\" data-end=\"5408\">Alle Streitigkeiten im Zusammenhang mit der Nutzung der Website <a class=\"\" href=\"https:\/\/www.ecole-surf-lacanau.com\/\" target=\"_new\" rel=\"noopener\" data-start=\"5200\" data-end=\"5274\">https:\/\/www.ecole-surf-lacanau.com\/<\/a> unterliegen dem franz\u00f6sischen Recht. Soweit gesetzlich zul\u00e4ssig, ist ausschlie\u00dflich das zust\u00e4ndige Gericht in <strong data-start=\"5385\" data-end=\"5397\">Bordeaux<\/strong> zust\u00e4ndig.<\/p>\t\t\t\t\t\t\t\t<\/div>\n\t\t\t\t<\/div>\n\t\t\t\t\t<\/div>\n\t\t\t\t<\/div>\n\t\t\t\t<\/div>\n\t\t","protected":false},"excerpt":{"rendered":"<p>Rechtliche Hinweise 1 &#8211; Website-Herausgeber Gem\u00e4\u00df Artikel 6 des Gesetzes Nr. 2004-575 vom 21. Juni 2004 \u00fcber das Vertrauen in die digitale Wirtschaft werden den Nutzern der Website https:\/\/www.ecole-surf-lacanau.com\/ die Identit\u00e4t der verschiedenen an ihrer Erstellung und Wartung beteiligten Parteien mitgeteilt: Eigent\u00fcmer der Website: Soci\u00e9t\u00e9 VALHOSTE \u2013 Kontakt: bigmamasurfschool@gmail.com \u2013 +33 6 98 20 83 [&hellip;]<\/p>\n","protected":false},"author":1,"featured_media":0,"parent":0,"menu_order":0,"comment_status":"closed","ping_status":"closed","template":"elementor_theme","meta":{"footnotes":""},"class_list":["post-8474","page","type-page","status-publish","hentry"],"yoast_head":"<!-- This site is optimized with the Yoast SEO plugin v27.5 - https:\/\/yoast.com\/product\/yoast-seo-wordpress\/ -->\n<title>Rechtliche Hinweise | Big Mama Surfschool<\/title>\n<meta name=\"robots\" content=\"index, follow, max-snippet:-1, max-image-preview:large, max-video-preview:-1\" \/>\n<link rel=\"canonical\" href=\"https:\/\/www.ecole-surf-lacanau.com\/de\/rechtliche-hinweise\/\" \/>\n<meta property=\"og:locale\" content=\"de_DE\" \/>\n<meta property=\"og:type\" content=\"article\" \/>\n<meta property=\"og:title\" content=\"Rechtliche Hinweise | Big Mama Surfschool\" \/>\n<meta property=\"og:description\" content=\"Rechtliche Hinweise 1 &#8211; Website-Herausgeber Gem\u00e4\u00df Artikel 6 des Gesetzes Nr. 2004-575 vom 21. Juni 2004 \u00fcber das Vertrauen in die digitale Wirtschaft werden den Nutzern der Website https:\/\/www.ecole-surf-lacanau.com\/ die Identit\u00e4t der verschiedenen an ihrer Erstellung und Wartung beteiligten Parteien mitgeteilt: Eigent\u00fcmer der Website: Soci\u00e9t\u00e9 VALHOSTE \u2013 Kontakt: bigmamasurfschool@gmail.com \u2013 +33 6 98 20 83 [&hellip;]\" \/>\n<meta property=\"og:url\" content=\"https:\/\/www.ecole-surf-lacanau.com\/de\/rechtliche-hinweise\/\" \/>\n<meta property=\"og:site_name\" content=\"Big Mama Surfschool\" \/>\n<meta property=\"article:publisher\" content=\"https:\/\/www.facebook.com\/Big-Mama-Surf-School-123560954347681\/\" \/>\n<meta property=\"article:modified_time\" content=\"2025-06-04T13:32:41+00:00\" \/>\n<meta property=\"og:image\" content=\"https:\/\/www.ecole-surf-lacanau.com\/wp-content\/uploads\/2024\/02\/bigmama-bleu.png\" \/>\n\t<meta property=\"og:image:width\" content=\"1229\" \/>\n\t<meta property=\"og:image:height\" content=\"1229\" \/>\n\t<meta property=\"og:image:type\" content=\"image\/png\" \/>\n<script type=\"application\/ld+json\" class=\"yoast-schema-graph\">{\"@context\":\"https:\\\/\\\/schema.org\",\"@graph\":[{\"@type\":\"WebPage\",\"@id\":\"https:\\\/\\\/www.ecole-surf-lacanau.com\\\/de\\\/rechtliche-hinweise\\\/\",\"url\":\"https:\\\/\\\/www.ecole-surf-lacanau.com\\\/de\\\/rechtliche-hinweise\\\/\",\"name\":\"Rechtliche Hinweise | Big Mama Surfschool\",\"isPartOf\":{\"@id\":\"https:\\\/\\\/www.ecole-surf-lacanau.com\\\/de\\\/#website\"},\"datePublished\":\"2025-05-30T07:45:57+00:00\",\"dateModified\":\"2025-06-04T13:32:41+00:00\",\"breadcrumb\":{\"@id\":\"https:\\\/\\\/www.ecole-surf-lacanau.com\\\/de\\\/rechtliche-hinweise\\\/#breadcrumb\"},\"inLanguage\":\"de\",\"potentialAction\":[{\"@type\":\"ReadAction\",\"target\":[\"https:\\\/\\\/www.ecole-surf-lacanau.com\\\/de\\\/rechtliche-hinweise\\\/\"]}]},{\"@type\":\"BreadcrumbList\",\"@id\":\"https:\\\/\\\/www.ecole-surf-lacanau.com\\\/de\\\/rechtliche-hinweise\\\/#breadcrumb\",\"itemListElement\":[{\"@type\":\"ListItem\",\"position\":1,\"name\":\"Accueil\",\"item\":\"https:\\\/\\\/www.ecole-surf-lacanau.com\\\/de\\\/\"},{\"@type\":\"ListItem\",\"position\":2,\"name\":\"Rechtliche Hinweise\"}]},{\"@type\":\"WebSite\",\"@id\":\"https:\\\/\\\/www.ecole-surf-lacanau.com\\\/de\\\/#website\",\"url\":\"https:\\\/\\\/www.ecole-surf-lacanau.com\\\/de\\\/\",\"name\":\"Big Mama Surfschool\",\"description\":\"\u00c9cole de surf \u00e0 Lacanau : cours et stage de surf tous niveaux\",\"publisher\":{\"@id\":\"https:\\\/\\\/www.ecole-surf-lacanau.com\\\/de\\\/#organization\"},\"potentialAction\":[{\"@type\":\"SearchAction\",\"target\":{\"@type\":\"EntryPoint\",\"urlTemplate\":\"https:\\\/\\\/www.ecole-surf-lacanau.com\\\/de\\\/?s={search_term_string}\"},\"query-input\":{\"@type\":\"PropertyValueSpecification\",\"valueRequired\":true,\"valueName\":\"search_term_string\"}}],\"inLanguage\":\"de\"},{\"@type\":\"Organization\",\"@id\":\"https:\\\/\\\/www.ecole-surf-lacanau.com\\\/de\\\/#organization\",\"name\":\"Big Mama Surfschool\",\"url\":\"https:\\\/\\\/www.ecole-surf-lacanau.com\\\/de\\\/\",\"logo\":{\"@type\":\"ImageObject\",\"inLanguage\":\"de\",\"@id\":\"https:\\\/\\\/www.ecole-surf-lacanau.com\\\/de\\\/#\\\/schema\\\/logo\\\/image\\\/\",\"url\":\"https:\\\/\\\/www.ecole-surf-lacanau.com\\\/wp-content\\\/uploads\\\/2024\\\/02\\\/bigmama-bleu.png\",\"contentUrl\":\"https:\\\/\\\/www.ecole-surf-lacanau.com\\\/wp-content\\\/uploads\\\/2024\\\/02\\\/bigmama-bleu.png\",\"width\":1229,\"height\":1229,\"caption\":\"Big Mama Surfschool\"},\"image\":{\"@id\":\"https:\\\/\\\/www.ecole-surf-lacanau.com\\\/de\\\/#\\\/schema\\\/logo\\\/image\\\/\"},\"sameAs\":[\"https:\\\/\\\/www.facebook.com\\\/Big-Mama-Surf-School-123560954347681\\\/\",\"https:\\\/\\\/www.instagram.com\\\/bigmamasurfschool\\\/\",\"https:\\\/\\\/www.tiktok.com\\\/@bigmamasurfschool\"]}]}<\/script>\n<!-- \/ Yoast SEO plugin. -->","yoast_head_json":{"title":"Rechtliche Hinweise | Big Mama Surfschool","robots":{"index":"index","follow":"follow","max-snippet":"max-snippet:-1","max-image-preview":"max-image-preview:large","max-video-preview":"max-video-preview:-1"},"canonical":"https:\/\/www.ecole-surf-lacanau.com\/de\/rechtliche-hinweise\/","og_locale":"de_DE","og_type":"article","og_title":"Rechtliche Hinweise | Big Mama Surfschool","og_description":"Rechtliche Hinweise 1 &#8211; Website-Herausgeber Gem\u00e4\u00df Artikel 6 des Gesetzes Nr. 2004-575 vom 21. Juni 2004 \u00fcber das Vertrauen in die digitale Wirtschaft werden den Nutzern der Website https:\/\/www.ecole-surf-lacanau.com\/ die Identit\u00e4t der verschiedenen an ihrer Erstellung und Wartung beteiligten Parteien mitgeteilt: Eigent\u00fcmer der Website: Soci\u00e9t\u00e9 VALHOSTE \u2013 Kontakt: bigmamasurfschool@gmail.com \u2013 +33 6 98 20 83 [&hellip;]","og_url":"https:\/\/www.ecole-surf-lacanau.com\/de\/rechtliche-hinweise\/","og_site_name":"Big Mama Surfschool","article_publisher":"https:\/\/www.facebook.com\/Big-Mama-Surf-School-123560954347681\/","article_modified_time":"2025-06-04T13:32:41+00:00","og_image":[{"width":1229,"height":1229,"url":"https:\/\/www.ecole-surf-lacanau.com\/wp-content\/uploads\/2024\/02\/bigmama-bleu.png","type":"image\/png"}],"schema":{"@context":"https:\/\/schema.org","@graph":[{"@type":"WebPage","@id":"https:\/\/www.ecole-surf-lacanau.com\/de\/rechtliche-hinweise\/","url":"https:\/\/www.ecole-surf-lacanau.com\/de\/rechtliche-hinweise\/","name":"Rechtliche Hinweise | Big Mama Surfschool","isPartOf":{"@id":"https:\/\/www.ecole-surf-lacanau.com\/de\/#website"},"datePublished":"2025-05-30T07:45:57+00:00","dateModified":"2025-06-04T13:32:41+00:00","breadcrumb":{"@id":"https:\/\/www.ecole-surf-lacanau.com\/de\/rechtliche-hinweise\/#breadcrumb"},"inLanguage":"de","potentialAction":[{"@type":"ReadAction","target":["https:\/\/www.ecole-surf-lacanau.com\/de\/rechtliche-hinweise\/"]}]},{"@type":"BreadcrumbList","@id":"https:\/\/www.ecole-surf-lacanau.com\/de\/rechtliche-hinweise\/#breadcrumb","itemListElement":[{"@type":"ListItem","position":1,"name":"Accueil","item":"https:\/\/www.ecole-surf-lacanau.com\/de\/"},{"@type":"ListItem","position":2,"name":"Rechtliche Hinweise"}]},{"@type":"WebSite","@id":"https:\/\/www.ecole-surf-lacanau.com\/de\/#website","url":"https:\/\/www.ecole-surf-lacanau.com\/de\/","name":"Big Mama Surfschool","description":"\u00c9cole de surf \u00e0 Lacanau : cours et stage de surf tous niveaux","publisher":{"@id":"https:\/\/www.ecole-surf-lacanau.com\/de\/#organization"},"potentialAction":[{"@type":"SearchAction","target":{"@type":"EntryPoint","urlTemplate":"https:\/\/www.ecole-surf-lacanau.com\/de\/?s={search_term_string}"},"query-input":{"@type":"PropertyValueSpecification","valueRequired":true,"valueName":"search_term_string"}}],"inLanguage":"de"},{"@type":"Organization","@id":"https:\/\/www.ecole-surf-lacanau.com\/de\/#organization","name":"Big Mama Surfschool","url":"https:\/\/www.ecole-surf-lacanau.com\/de\/","logo":{"@type":"ImageObject","inLanguage":"de","@id":"https:\/\/www.ecole-surf-lacanau.com\/de\/#\/schema\/logo\/image\/","url":"https:\/\/www.ecole-surf-lacanau.com\/wp-content\/uploads\/2024\/02\/bigmama-bleu.png","contentUrl":"https:\/\/www.ecole-surf-lacanau.com\/wp-content\/uploads\/2024\/02\/bigmama-bleu.png","width":1229,"height":1229,"caption":"Big Mama Surfschool"},"image":{"@id":"https:\/\/www.ecole-surf-lacanau.com\/de\/#\/schema\/logo\/image\/"},"sameAs":["https:\/\/www.facebook.com\/Big-Mama-Surf-School-123560954347681\/","https:\/\/www.instagram.com\/bigmamasurfschool\/","https:\/\/www.tiktok.com\/@bigmamasurfschool"]}]}},"_links":{"self":[{"href":"https:\/\/www.ecole-surf-lacanau.com\/de\/wp-json\/wp\/v2\/pages\/8474","targetHints":{"allow":["GET"]}}],"collection":[{"href":"https:\/\/www.ecole-surf-lacanau.com\/de\/wp-json\/wp\/v2\/pages"}],"about":[{"href":"https:\/\/www.ecole-surf-lacanau.com\/de\/wp-json\/wp\/v2\/types\/page"}],"author":[{"embeddable":true,"href":"https:\/\/www.ecole-surf-lacanau.com\/de\/wp-json\/wp\/v2\/users\/1"}],"replies":[{"embeddable":true,"href":"https:\/\/www.ecole-surf-lacanau.com\/de\/wp-json\/wp\/v2\/comments?post=8474"}],"version-history":[{"count":14,"href":"https:\/\/www.ecole-surf-lacanau.com\/de\/wp-json\/wp\/v2\/pages\/8474\/revisions"}],"predecessor-version":[{"id":8739,"href":"https:\/\/www.ecole-surf-lacanau.com\/de\/wp-json\/wp\/v2\/pages\/8474\/revisions\/8739"}],"wp:attachment":[{"href":"https:\/\/www.ecole-surf-lacanau.com\/de\/wp-json\/wp\/v2\/media?parent=8474"}],"curies":[{"name":"wp","href":"https:\/\/api.w.org\/{rel}","templated":true}]}}